{"id":84,"date":"2024-03-12T14:00:52","date_gmt":"2024-03-12T13:00:52","guid":{"rendered":"https:\/\/trainer.ewb.lu\/email-confirme-avec-succes\/"},"modified":"2024-04-24T09:10:49","modified_gmt":"2024-04-24T07:10:49","slug":"email-confirme-avec-succes","status":"publish","type":"page","link":"https:\/\/trainer.ewb.lu\/fr\/email-confirme-avec-succes\/","title":{"rendered":"Email confirm\u00e9 avec succ\u00e8s"},"content":{"rendered":"<div class=\"wpb-content-wrapper\"><p>[vc_row][vc_column width=\u00a0\u00bb1\/2&Prime;][vc_column_text]Nous vous remercions d&rsquo;avoir confirm\u00e9 votre adresse e-mail. Nous allons maintenant v\u00e9rifier vos donn\u00e9es. D\u00e8s que votre compte sera activ\u00e9, vous recevrez une notification par e-mail.[\/vc_column_text][\/vc_column][vc_column width=\u00a0\u00bb1\/2&Prime;][\/vc_column][\/vc_row]<\/p>\n<\/div>","protected":false},"excerpt":{"rendered":"<p>[vc_row][vc_column width=\u00a0\u00bb1\/2&Prime;][vc_column_text]Nous vous remercions d&rsquo;avoir confirm\u00e9 votre adresse e-mail. Nous allons maintenant v\u00e9rifier vos donn\u00e9es. D\u00e8s que votre compte sera activ\u00e9, vous recevrez une notification par e-mail.[\/vc_column_text][\/vc_column][vc_column width=\u00a0\u00bb1\/2&Prime;][\/vc_column][\/vc_row]<\/p>\n","protected":false},"author":1,"featured_media":0,"parent":0,"menu_order":0,"comment_status":"closed","ping_status":"closed","template":"","meta":{"_acf_changed":false,"footnotes":""},"class_list":["post-84","page","type-page","status-publish","hentry"],"acf":[],"_links":{"self":[{"href":"https:\/\/trainer.ewb.lu\/fr\/wp-json\/wp\/v2\/pages\/84","targetHints":{"allow":["GET"]}}],"collection":[{"href":"https:\/\/trainer.ewb.lu\/fr\/wp-json\/wp\/v2\/pages"}],"about":[{"href":"https:\/\/trainer.ewb.lu\/fr\/wp-json\/wp\/v2\/types\/page"}],"author":[{"embeddable":true,"href":"https:\/\/trainer.ewb.lu\/fr\/wp-json\/wp\/v2\/users\/1"}],"replies":[{"embeddable":true,"href":"https:\/\/trainer.ewb.lu\/fr\/wp-json\/wp\/v2\/comments?post=84"}],"version-history":[{"count":15,"href":"https:\/\/trainer.ewb.lu\/fr\/wp-json\/wp\/v2\/pages\/84\/revisions"}],"predecessor-version":[{"id":286,"href":"https:\/\/trainer.ewb.lu\/fr\/wp-json\/wp\/v2\/pages\/84\/revisions\/286"}],"wp:attachment":[{"href":"https:\/\/trainer.ewb.lu\/fr\/wp-json\/wp\/v2\/media?parent=84"}],"curies":[{"name":"wp","href":"https:\/\/api.w.org\/{rel}","templated":true}]}}