{"id":127,"date":"2024-03-07T10:12:01","date_gmt":"2024-03-07T09:12:01","guid":{"rendered":"https:\/\/trainer.ewb.lu\/enregistrer\/"},"modified":"2024-03-29T12:29:22","modified_gmt":"2024-03-29T11:29:22","slug":"enregistrer","status":"publish","type":"page","link":"https:\/\/trainer.ewb.lu\/fr\/enregistrer\/","title":{"rendered":"Enregistrer"},"content":{"rendered":"<div class=\"wpb-content-wrapper\"><p>[vc_row][vc_column]    <div class=\"login-form register-form\">\r\n        <h2>S'enregistrer<\/h2>\r\n\r\n        <form id=\"RegisterForm\">\r\n\r\n            <div style=\"display: none\">\r\n                <input name=\"lang\" value=\"fr\">\r\n            <\/div>\r\n\r\n            <div class=\"div1\">\r\n                <label for=\"firstName\">Pr\u00e9nom*<\/label>\r\n                <input minlength=\"2\" maxlength=\"40\" id=\"firstName\" aria-required=\"true\" type=\"text\"\r\n                       name=\"firstName\" autocomplete=\"firstName\" required>\r\n            <\/div>\r\n\r\n            <div class=\"div2\">\r\n                <label for=\"lastName\">Nom*<\/label>\r\n                <input minlength=\"2\" maxlength=\"40\" id=\"lastName\" aria-required=\"true\" type=\"text\"\r\n                       name=\"lastName\" autocomplete=\"lastName\" required>\r\n            <\/div>\r\n\r\n            <div class=\"div3\">\r\n                <label for=\"email\">E-mail*<\/label>\r\n                <input minlength=\"5\" maxlength=\"70\" id=\"email\" aria-required=\"true\" type=\"email\"\r\n                       name=\"email\" autocomplete=\"email\" required>\r\n            <\/div>\r\n\r\n            <div class=\"div4\">\r\n                <label for=\"organisation\">Organisation*<\/label>\r\n                <input minlength=\"2\" maxlength=\"70\" id=\"organisation\" aria-required=\"true\" type=\"text\"\r\n                       name=\"organisation\" required>\r\n            <\/div>\r\n\r\n            <div class=\"div5\">\r\n                <label for=\"password\">Mot de passe*<\/label>\r\n                <input minlength=\"5\" maxlength=\"70\" id=\"password\" aria-required=\"true\" type=\"password\"\r\n                       name=\"password\" required>\r\n            <\/div>\r\n\r\n            <div class=\"div6\">\r\n                <label for=\"password_confirm\">Confirmer mot de passe*<\/label>\r\n                <input minlength=\"5\" maxlength=\"70\" id=\"password_confirm\" aria-required=\"true\" type=\"password\"\r\n                       name=\"password_confirm\" data-rule-equalTo=\"#password\" required>\r\n            <\/div>\r\n\r\n            <div class=\"div7\">\r\n                <label for=\"contextMaterialUsage\">Contexte dans lequel le mat\u00e9riel de cours IT sera utilis\u00e9 (300 caract\u00e8res maximum)*\r\n                <\/label>\r\n                <textarea rows=\"5\" minlength=\"5\" maxlength=\"300\" id=\"contextMaterialUsage\" aria-required=\"true\"\r\n                          name=\"contextMaterialUsage\" required><\/textarea>\r\n            <\/div>\r\n\r\n            <div class=\"div8\">\r\n                <h3>Conditions d'utilisation<\/h3>\r\n                <p>Pour t\u00e9l\u00e9charger le mat\u00e9riel de cours IT de l'ErwuesseBildung asbl (EwB) et du Minist\u00e8re de la Digitalisation<\/p>\r\n                <p>En m'inscrivant, je d\u00e9clare ...<\/p>\r\n\r\n                <div class=\"checkboxes\">\r\n                    <div class=\"checkbox checkbox-animate\">\r\n                        <label>\r\n                            <input type=\"checkbox\" name=\"check\" required>\r\n                            <span class=\"input-check\"><\/span>\r\n                        <\/label>\r\n                        <span class=\"text\">...que les informations que j'ai fournies sont correctes.<\/span>\r\n                    <\/div>\r\n\r\n                    <div class=\"checkbox checkbox-animate\">\r\n                        <label>\r\n                            <input type=\"checkbox\" name=\"check1\" required>\r\n                            <span class=\"input-check\"><\/span>\r\n                        <\/label>\r\n                        <span class=\"text\">...que je comprends que le mat\u00e9riel de cours dans son ensemble ou des extraits de celui-ci ne doivent \u00eatre utilis\u00e9s qu'\u00e0 des fins non commerciales et qu'il est interdit de transmettre le mat\u00e9riel \u00e0 des tiers (personnes ou organisations).<\/span>\r\n                    <\/div>\r\n\r\n                    <div class=\"checkbox checkbox-animate\">\r\n                        <label>\r\n                            <input type=\"checkbox\" name=\"check2\" required>\r\n                            <span class=\"input-check\"><\/span>\r\n                        <\/label>\r\n                        <span class=\"text\">...qu'en cas d'utilisation du mat\u00e9riel ou d'extraits de celui-ci, j'indiquerai de mani\u00e8re bien visible le copyright de l'EwB et du Minist\u00e8re de la Digitalisation dans la pr\u00e9sentation.<\/span>\r\n                    <\/div>\r\n\r\n                    <div class=\"checkbox checkbox-animate\">\r\n                        <label>\r\n                            <input type=\"checkbox\" name=\"check3\" required>\r\n                            <span class=\"input-check\"><\/span>\r\n                        <\/label>\r\n                        <span class=\"text\">...que je suis pr\u00eat(e) \u00e0 indiquer, sur demande de l'EwB ou du Minist\u00e8re de la Digitalisation, \u00e0 quelles fins le mat\u00e9riel de cours a \u00e9t\u00e9 utilis\u00e9 par moi.<\/span>\r\n                    <\/div>\r\n\r\n                    <div class=\"checkbox checkbox-animate\">\r\n                        <label>\r\n                            <input type=\"checkbox\" name=\"check4\" required>\r\n                            <span class=\"input-check\"><\/span>\r\n                        <\/label>\r\n                        <span class=\"text\">...que mes donn\u00e9es peuvent \u00eatre utilis\u00e9es par EwB ou le Minist\u00e8re de la Digitalisation \u00e0 des fins d'inscription et de reporting et qu'elles peuvent \u00e9galement \u00eatre \u00e9chang\u00e9es entre eux \u00e0 cette fin. Mes donn\u00e9es ne seront utilis\u00e9es par EwB qu'aux fins indiqu\u00e9es et ne seront pas transmises \u00e0 des tiers.<\/span>\r\n                    <\/div>\r\n\r\n                <\/div>\r\n\r\n            <\/div>\r\n\r\n            <div class=\"div9\">\r\n                <div class=\"outer-button inline\">\r\n                    <button class=\"coolBeans\" type=\"submit\">S'enregistrer<\/button>\r\n                <\/div>\r\n                <div style=\"margin-top: 20px\">\r\n\t                Vous recevrez un e-mail de confirmation. Veuillez cliquer sur le lien qu'il contient pour confirmer votre adresse e-mail.                <\/div>\r\n\r\n                <div style=\"margin-top: 20px\">\r\n                    <a href=\"https:\/\/trainer.ewb.lu\/fr\/\">Vous avez d\u00e9j\u00e0 un compte ?<\/a>\r\n                <\/div>\r\n            <\/div>\r\n\r\n        <\/form>\r\n\r\n        <div id=\"response-message\"><\/div>\r\n\r\n        <div class=\"success\" style=\"display: none;\">\r\n            <h2>Nous vous remercions de vous inscrire sur notre plateforme.<\/h2>\r\n            <div>Vous recevrez un e-mail de confirmation. Veuillez cliquer sur le lien qu'il contient pour confirmer votre adresse e-mail.<\/div>\r\n        <\/div>\r\n\r\n    <\/div>\r\n\r\n    <script type=\"application\/javascript\">\r\n\r\n        jQuery(document).ready(function () {\r\n\r\n            let $errorMessageBox = jQuery(\"#response-message\");\r\n\r\n            jQuery(\"#RegisterForm\").validate({\r\n                lang: 'de',\r\n                submitHandler: function (form) {\r\n\r\n                    jQuery.ajax({\r\n                        type: \"POST\",\r\n                        url: 'https:\/\/dashboard.trainer.ewb.lu\/api\/api\/ewb-homepage\/trainer-register',\r\n                        data: jQuery('#RegisterForm').serialize(),\r\n                        dataType: 'json',\r\n                        success: function () {\r\n                            jQuery('#RegisterForm').remove();\r\n                            jQuery('.login-form > h2').hide();\r\n                            jQuery('.success').show();\r\n                        },\r\n                        statusCode: {\r\n                            422: function (e) {\r\n                                let errors = e.responseJSON.errors;\r\n                                $errorMessageBox.html('');\r\n\r\n                                for (const [key, value] of Object.entries(errors)) {\r\n                                    $errorMessageBox.append('<span class=\"bold\">' + key + '<\/span>' + '<span>' + value + '<\/span>')\r\n                                }\r\n\r\n                            }\r\n                        },\r\n                        error: function (e) {\r\n                            jQuery(\"#response-message\").html(e.statusText);\r\n                        }\r\n                    });\r\n                }\r\n            });\r\n\r\n        });\r\n\r\n    <\/script>\r\n\t[\/vc_column][\/vc_row]<\/p>\n<\/div>","protected":false},"excerpt":{"rendered":"<p>[vc_row][vc_column][\/vc_column][\/vc_row]<\/p>\n","protected":false},"author":1,"featured_media":0,"parent":0,"menu_order":0,"comment_status":"closed","ping_status":"closed","template":"","meta":{"_acf_changed":false,"footnotes":""},"class_list":["post-127","page","type-page","status-publish","hentry"],"acf":[],"_links":{"self":[{"href":"https:\/\/trainer.ewb.lu\/fr\/wp-json\/wp\/v2\/pages\/127","targetHints":{"allow":["GET"]}}],"collection":[{"href":"https:\/\/trainer.ewb.lu\/fr\/wp-json\/wp\/v2\/pages"}],"about":[{"href":"https:\/\/trainer.ewb.lu\/fr\/wp-json\/wp\/v2\/types\/page"}],"author":[{"embeddable":true,"href":"https:\/\/trainer.ewb.lu\/fr\/wp-json\/wp\/v2\/users\/1"}],"replies":[{"embeddable":true,"href":"https:\/\/trainer.ewb.lu\/fr\/wp-json\/wp\/v2\/comments?post=127"}],"version-history":[{"count":1,"href":"https:\/\/trainer.ewb.lu\/fr\/wp-json\/wp\/v2\/pages\/127\/revisions"}],"predecessor-version":[{"id":128,"href":"https:\/\/trainer.ewb.lu\/fr\/wp-json\/wp\/v2\/pages\/127\/revisions\/128"}],"wp:attachment":[{"href":"https:\/\/trainer.ewb.lu\/fr\/wp-json\/wp\/v2\/media?parent=127"}],"curies":[{"name":"wp","href":"https:\/\/api.w.org\/{rel}","templated":true}]}}