{"id":111,"date":"2023-12-18T14:26:36","date_gmt":"2023-12-18T13:26:36","guid":{"rendered":"https:\/\/trainer.ewb.lu\/plateforme-des-formateurs-it\/"},"modified":"2024-04-12T13:43:36","modified_gmt":"2024-04-12T11:43:36","slug":"plateforme-des-formateurs-it","status":"publish","type":"page","link":"https:\/\/trainer.ewb.lu\/fr\/","title":{"rendered":"Plateforme des formateurs IT"},"content":{"rendered":"<div class=\"wpb-content-wrapper\"><p>[vc_row gap=\u00a0\u00bb35&Prime;][vc_column width=\u00a0\u00bb2\/3&Prime; css=\u00a0\u00bb.vc_custom_1709815952139{padding-bottom: 3% !important;}\u00a0\u00bb][vc_row_inner][vc_column_inner width=\u00a0\u00bb3\/4&Prime;][vc_column_text]<\/p>\n<h2><span style=\"color: #72005f;\">Bienvenue \ud83d\udc4b<\/span><\/h2>\n<p>Notre \u00e9quipe i-Stuff a d\u00e9velopp\u00e9 plusieurs cours pour promouvoir l&rsquo;inclusion num\u00e9rique. Ils s&rsquo;adressent aux personnes qui ont des difficult\u00e9s \u00e0 naviguer le monde num\u00e9rique. Ici, vous pouvez acc\u00e9der \u00e0 notre mat\u00e9riel afin de pouvoir proposer vous-m\u00eame les cours.<\/p>\n<p>Nous remercions le Minist\u00e8re de la Digitalisation pour son soutien au d\u00e9veloppement de cette plateforme et des cours.<\/p>\n<p>Si vous avez des questions sur la plateforme ou le mat\u00e9riel de cours, vous pouvez nous contacter ici :<\/p>\n<p>\u260e\ufe0f +352 44 743 535 || \ud83d\udce7 <a href=\"&#109;&#x61;i&#108;&#x74;o&#x3a;&#x69;&#115;&#x74;u&#102;&#x66;&#64;&#101;&#x77;&#98;&#x2e;l&#117;\">&#x69;&#115;t&#x75;&#x66;&#102;&#64;&#x65;&#x77;&#98;&#46;&#x6c;&#117;<\/a><\/p>\n<p>L\u2019\u00e9quipe i-Stuff de l\u2019EwB[\/vc_column_text][\/vc_column_inner][\/vc_row_inner][\/vc_column][vc_column width=\u00a0\u00bb1\/3&Prime;][vc_row_inner][vc_column_inner]    <div class=\"login-form\">\r\n        <h2>Se connecter<\/h2>\r\n\r\n        <form id=\"LoginForm\" onsubmit=\"return false\">\r\n\r\n            <label>E-mail<br>\r\n                <span class=\"wpcf7-form-control-wrap\" data-name=\"your-name\">\r\n                <input minlength=\"5\" maxlength=\"70\"\r\n                       class=\"wpcf7-form-control wpcf7-email wpcf7-validates-as-required\"\r\n                       autocomplete=\"email\" aria-required=\"true\" aria-invalid=\"false\" value=\"\" type=\"email\"\r\n                       name=\"email\" required>\r\n                <\/span>\r\n            <\/label>\r\n\r\n            <label style=\"margin-top:1rem; display:block;\">Mot de passe<br>\r\n                <span class=\"wpcf7-form-control-wrap\" data-name=\"your-email\">\r\n                    <input minlength=\"5\" maxlength=\"70\"\r\n                           class=\"wpcf7-form-control wpcf7-validates-as-required wpcf7-text\"\r\n                           aria-required=\"true\" aria-invalid=\"false\" value=\"\" type=\"password\"\r\n                           name=\"password\" required>\r\n                <\/span>\r\n            <\/label>\r\n\r\n            <div class=\"outer-button inline\">\r\n                <button class=\"coolBeans\" type=\"submit\">Se connecter<\/button>\r\n            <\/div>\r\n\r\n        <\/form>\r\n\r\n        <div class=\"forgot-password\">\r\n            <a href=\"https:\/\/trainer.ewb.lu\/fr\/email-mot-de-passe-oublie\/\">Vous avez oubli\u00e9 votre mot de passe ?<\/a>\r\n        <\/div>\r\n\r\n        <div id=\"response-message\"><\/div>\r\n\r\n    <\/div>\r\n\r\n    <script type=\"application\/javascript\">\r\n\r\n        jQuery(document).ready(function () {\r\n\r\n            let token = Cookies.get('token');\r\n            let loginFailedTitle = 'Donn\u00e9es d'acc\u00e8s incorrectes!';\r\n            let loginFailedText = 'Veuillez v\u00e9rifier votre mot de passe et votre e-mail.';\r\n\r\n            \/\/redirect\r\n            if (token !== undefined) {\r\n                window.location = 'https:\/\/trainer.ewb.lu\/fr\/cours-2\/';\r\n            }\r\n\r\n            jQuery(\"#LoginForm\").validate({\r\n                lang: 'de',\r\n                submitHandler: function (form) {\r\n                    jQuery.ajax({\r\n                        type: \"POST\",\r\n                        url: 'https:\/\/dashboard.trainer.ewb.lu\/api\/api\/ewb-homepage\/trainer-login',\r\n                        data: jQuery('#LoginForm').serialize(),\r\n                        dataType: 'json',\r\n                        statusCode: {\r\n                            200: function (data) {\r\n                                Cookies.set('token', data.trainer.token, {expires: 30});\r\n                                window.location.href = \"https:\/\/trainer.ewb.lu\/fr\/cours-2\/\";\r\n                            },\r\n                            401: function (e) {\r\n                                let box = \"<div class='error-box'><b>\" + loginFailedTitle +\r\n                                    \"<\/b><br><span>\" + loginFailedText + \"<\/span><\/div>\"\r\n\r\n                                jQuery(\"#response-message\").html(box);\r\n                            }\r\n                        },\r\n                        error: function (e) {\r\n                            jQuery(\"#response-message\").html(e.statusText);\r\n                        }\r\n                    });\r\n                }\r\n            });\r\n\r\n        });\r\n\r\n    <\/script>\r\n\t[\/vc_column_inner][\/vc_row_inner][vc_row_inner][vc_column_inner][vc_column_text]<\/p>\n<h3>Pas encore de compte ?<\/h3>\n<p>[\/vc_column_text]        <div class=\"outer-button inline\">\r\n            <a class=\"coolBeans \" href=\"https:\/\/trainer.ewb.lu\/registrieren\/\"\r\n               target=\"\">\r\n\t\t\t\tInscrivez-vous ici<\/a>\r\n        <\/div>\r\n\t\t[\/vc_column_inner][\/vc_row_inner][\/vc_column][\/vc_row][vc_row css=\u00a0\u00bb.vc_custom_1709815917741{padding-top: 5% !important;}\u00a0\u00bb][vc_column][\/vc_column][\/vc_row]<\/p>\n<\/div>","protected":false},"excerpt":{"rendered":"<p>[vc_row gap=\u00a0\u00bb35&Prime;][vc_column width=\u00a0\u00bb2\/3&Prime; css=\u00a0\u00bb.vc_custom_1709815952139{padding-bottom: 3% !important;}\u00a0\u00bb][vc_row_inner][vc_column_inner width=\u00a0\u00bb3\/4&Prime;][vc_column_text] Bienvenue \ud83d\udc4b Notre \u00e9quipe i-Stuff a d\u00e9velopp\u00e9 plusieurs cours pour promouvoir l&rsquo;inclusion num\u00e9rique. Ils s&rsquo;adressent aux personnes qui ont des difficult\u00e9s \u00e0 naviguer le monde num\u00e9rique. Ici, vous pouvez acc\u00e9der \u00e0 notre mat\u00e9riel afin de pouvoir proposer vous-m\u00eame les cours. Nous remercions le Minist\u00e8re de la Digitalisation pour [&hellip;]<\/p>\n","protected":false},"author":1,"featured_media":0,"parent":0,"menu_order":0,"comment_status":"closed","ping_status":"closed","template":"","meta":{"_acf_changed":false,"footnotes":""},"class_list":["post-111","page","type-page","status-publish","hentry"],"acf":[],"_links":{"self":[{"href":"https:\/\/trainer.ewb.lu\/fr\/wp-json\/wp\/v2\/pages\/111","targetHints":{"allow":["GET"]}}],"collection":[{"href":"https:\/\/trainer.ewb.lu\/fr\/wp-json\/wp\/v2\/pages"}],"about":[{"href":"https:\/\/trainer.ewb.lu\/fr\/wp-json\/wp\/v2\/types\/page"}],"author":[{"embeddable":true,"href":"https:\/\/trainer.ewb.lu\/fr\/wp-json\/wp\/v2\/users\/1"}],"replies":[{"embeddable":true,"href":"https:\/\/trainer.ewb.lu\/fr\/wp-json\/wp\/v2\/comments?post=111"}],"version-history":[{"count":33,"href":"https:\/\/trainer.ewb.lu\/fr\/wp-json\/wp\/v2\/pages\/111\/revisions"}],"predecessor-version":[{"id":227,"href":"https:\/\/trainer.ewb.lu\/fr\/wp-json\/wp\/v2\/pages\/111\/revisions\/227"}],"wp:attachment":[{"href":"https:\/\/trainer.ewb.lu\/fr\/wp-json\/wp\/v2\/media?parent=111"}],"curies":[{"name":"wp","href":"https:\/\/api.w.org\/{rel}","templated":true}]}}